{"id":367,"date":"2012-04-30T09:56:56","date_gmt":"2012-04-30T07:56:56","guid":{"rendered":"http:\/\/paulineferrandprevot.com\/?page_id=367"},"modified":"2025-06-23T06:59:56","modified_gmt":"2025-06-23T04:59:56","slug":"fan-club","status":"publish","type":"page","link":"https:\/\/paulineferrandprevot.com\/?page_id=367","title":{"rendered":"Fan Club"},"content":{"rendered":"<p style=\"text-align: center;\">\n<h1 style=\"text-align: center;\"><strong><span style=\"color: #ff0000;\">Fan Club Pauline Ferrand-Prevot<\/span><\/strong><\/h1>\n<h4 style=\"text-align: center;\"><span style=\"color: #000000;\">13 Lotissement les Buires<\/span><\/h4>\n<h4 style=\"text-align: center;\"><span style=\"color: #000000;\">08200 BALAN<\/span><\/h4>\n<h4 style=\"text-align: center;\"><span style=\"color: #000000;\"><em><strong><span style=\"text-decoration: underline;\">contact<\/span> : fanclub.paulineferrandprevot@orange.fr<\/strong><\/em><\/span><\/h4>\n<p style=\"text-align: center;\"><em><span style=\"color: #000000;\"><strong>Retrouvez-nous \u00e9galement\u00a0sur Facebook : www.facebook.com\/fanclubpaulineferrandprevot<\/strong><\/span><\/em><\/p>\n<h4><img decoding=\"async\" loading=\"lazy\" class=\"aligncenter\" src=\"https:\/\/paulineferrandprevot.com\/wp-content\/uploads\/2025\/02\/IMG_0394-1024x966.jpg\" alt=\"L\u2019attribut alt de cette image est vide, son nom de fichier est IMG_0394-1024x966.jpg.\" width=\"371\" height=\"350\" \/><\/h4>\n<h4><\/h4>\n<h4 style=\"text-align: center;\"><span style=\"color: #000000;\">Pour adh\u00e9rer au &#8220;Fan Club&#8221; de Pauline, rien de plus simple, il vous suffit de t\u00e9l\u00e9charger le bulletin d&#8217;adh\u00e9sion ci dessous. Vous recevrez alors votre Tee-shirt &#8220;supporter&#8221; !<\/span><\/h4>\n<h4 style=\"text-align: center;\"><span style=\"color: #000000;\"><em><strong>Alors, \u00e0 tr\u00e8s bient\u00f4t !<\/strong><\/em><\/span><\/h4>\n<h4 style=\"text-align: center;\"><a href=\"https:\/\/paulineferrandprevot.com\/wp-content\/uploads\/2025\/02\/bulletin-adhesion.docx\"><strong><span style=\"color: #000000;\">T\u00e9l\u00e9chargez et imprimez le bulletin d&#8217;adh\u00e9sion<\/span> ICI<\/strong><\/a><\/h4>\n<h2 style=\"text-align: center;\"><strong>-=-=-=-=-=-=-=-=-=-<\/strong><\/h2>\n<h2 style=\"text-align: center;\"><strong><span style=\"text-decoration: underline;\"><span style=\"color: #ff6600; text-decoration: underline;\">L A \u00a0 B O U T I Q U E<\/span><\/span><\/strong><\/h2>\n<h6 style=\"text-align: center;\"><span style=\"color: #000000;\"><em><strong>(Si votre taille n&#8217;est pas en stock, d\u00e9lai entre 8 et 10 semaines)<\/strong><\/em><\/span><\/h6>\n<h5 style=\"text-align: center;\"><span style=\"text-decoration: underline; color: #000000;\"><strong>En dehors des adh\u00e9sions, les commandes sont \u00e0 adresser au fan club sur papier libre<\/strong><\/span><\/h5>\n<h2 style=\"text-align: center;\"><strong>-=-=-=-=-=-=-=-=-=-<\/strong><\/h2>\n<h4 style=\"text-align: center;\"><em><span style=\"color: #ff0000;\"><strong>TEE-SHIRT DU SUPPORTER &#8220;Visma Lease a Bike 2025&#8221;<\/strong><\/span><\/em><\/h4>\n<h4 style=\"text-align: center;\"><span style=\"color: #ff0000;\"><em><strong>qualit\u00e9 sup\u00e9rieure by DIFFUSPORT<\/strong><\/em><\/span><\/h4>\n<p><img decoding=\"async\" loading=\"lazy\" class=\"aligncenter\" src=\"https:\/\/paulineferrandprevot.com\/wp-content\/uploads\/2025\/02\/Running-A-Ferrand-Prevot-2025-1024x770.jpg\" alt=\"L\u2019attribut alt de cette image est vide, son nom de fichier est Running-A-Ferrand-Prevot-2025-1024x770.jpg.\" width=\"394\" height=\"296\" \/><\/p>\n<h4 style=\"text-align: center;\"><strong>avec adh\u00e9sion au fan club <span style=\"color: #ff0000;\">50 \u20ac <span style=\"color: #000000;\">&#8211; <\/span><\/span><\/strong>tee-shirt seul <span style=\"color: #ff0000;\">45 \u20ac<\/span><\/h4>\n<h2 style=\"text-align: center;\"><span style=\"color: #000000;\"><strong>-=-=-=-=-=-=-=-=-=-<\/strong><\/span><\/h2>\n<p style=\"text-align: center;\"><a href=\"http:\/\/paulineferrandprevot.com\/wp-content\/uploads\/2016\/10\/IMG_5225-e1475513726395.jpg\"><img decoding=\"async\" loading=\"lazy\" class=\"aligncenter size-medium wp-image-5895\" src=\"http:\/\/paulineferrandprevot.com\/wp-content\/uploads\/2016\/10\/IMG_5225-e1475513726395-200x300.jpg\" alt=\"img_5225\" width=\"200\" height=\"300\" srcset=\"https:\/\/paulineferrandprevot.com\/wp-content\/uploads\/2016\/10\/IMG_5225-e1475513726395-200x300.jpg 200w, https:\/\/paulineferrandprevot.com\/wp-content\/uploads\/2016\/10\/IMG_5225-e1475513726395-683x1024.jpg 683w, https:\/\/paulineferrandprevot.com\/wp-content\/uploads\/2016\/10\/IMG_5225-e1475513726395-400x600.jpg 400w, https:\/\/paulineferrandprevot.com\/wp-content\/uploads\/2016\/10\/IMG_5225-e1475513726395-600x900.jpg 600w, https:\/\/paulineferrandprevot.com\/wp-content\/uploads\/2016\/10\/IMG_5225-e1475513726395-133x200.jpg 133w\" sizes=\"(max-width: 200px) 100vw, 200px\" \/><\/a><\/p>\n<h4 style=\"text-align: center;\"><em><strong><span style=\"color: #ff0000;\">VESTE SOFTSHELL<\/span><\/strong><\/em><\/h4>\n<h4 style=\"text-align: center;\"><span style=\"color: #ff0000;\"><em><strong>coupe homme ou femme &#8211; taille S \u00e0 4 XL &#8211; 75\u20ac<\/strong><\/em><\/span><\/h4>\n<p style=\"text-align: center;\"><a href=\"http:\/\/paulineferrandprevot.com\/wp-content\/uploads\/2016\/10\/IMG_5227-e1475513686297.jpg\"><img decoding=\"async\" loading=\"lazy\" class=\"aligncenter size-medium wp-image-5896\" src=\"http:\/\/paulineferrandprevot.com\/wp-content\/uploads\/2016\/10\/IMG_5227-e1475513686297-200x300.jpg\" alt=\"img_5227\" width=\"200\" height=\"300\" srcset=\"https:\/\/paulineferrandprevot.com\/wp-content\/uploads\/2016\/10\/IMG_5227-e1475513686297-200x300.jpg 200w, https:\/\/paulineferrandprevot.com\/wp-content\/uploads\/2016\/10\/IMG_5227-e1475513686297-683x1024.jpg 683w, https:\/\/paulineferrandprevot.com\/wp-content\/uploads\/2016\/10\/IMG_5227-e1475513686297-400x600.jpg 400w, https:\/\/paulineferrandprevot.com\/wp-content\/uploads\/2016\/10\/IMG_5227-e1475513686297-600x900.jpg 600w, https:\/\/paulineferrandprevot.com\/wp-content\/uploads\/2016\/10\/IMG_5227-e1475513686297-133x200.jpg 133w\" sizes=\"(max-width: 200px) 100vw, 200px\" \/><\/a><\/p>\n<h4 style=\"text-align: center;\"><\/h4>\n","protected":false},"excerpt":{"rendered":"<p>Fan Club Pauline Ferrand-Prevot 13 Lotissement les Buires 08200 BALAN contact : fanclub.paulineferrandprevot@orange.fr Retrouvez-nous \u00e9galement\u00a0sur Facebook : www.facebook.com\/fanclubpaulineferrandprevot Pour adh\u00e9rer au &#8220;Fan Club&#8221; de Pauline, &hellip;<\/p>\n","protected":false},"author":1,"featured_media":8493,"parent":0,"menu_order":0,"comment_status":"open","ping_status":"open","template":"","meta":{"ngg_post_thumbnail":0},"_links":{"self":[{"href":"https:\/\/paulineferrandprevot.com\/index.php?rest_route=\/wp\/v2\/pages\/367"}],"collection":[{"href":"https:\/\/paulineferrandprevot.com\/index.php?rest_route=\/wp\/v2\/pages"}],"about":[{"href":"https:\/\/paulineferrandprevot.com\/index.php?rest_route=\/wp\/v2\/types\/page"}],"author":[{"embeddable":true,"href":"https:\/\/paulineferrandprevot.com\/index.php?rest_route=\/wp\/v2\/users\/1"}],"replies":[{"embeddable":true,"href":"https:\/\/paulineferrandprevot.com\/index.php?rest_route=%2Fwp%2Fv2%2Fcomments&post=367"}],"version-history":[{"count":100,"href":"https:\/\/paulineferrandprevot.com\/index.php?rest_route=\/wp\/v2\/pages\/367\/revisions"}],"predecessor-version":[{"id":8630,"href":"https:\/\/paulineferrandprevot.com\/index.php?rest_route=\/wp\/v2\/pages\/367\/revisions\/8630"}],"wp:featuredmedia":[{"embeddable":true,"href":"https:\/\/paulineferrandprevot.com\/index.php?rest_route=\/wp\/v2\/media\/8493"}],"wp:attachment":[{"href":"https:\/\/paulineferrandprevot.com\/index.php?rest_route=%2Fwp%2Fv2%2Fmedia&parent=367"}],"curies":[{"name":"wp","href":"https:\/\/api.w.org\/{rel}","templated":true}]}}